{"id":18868,"date":"2014-06-13T13:37:35","date_gmt":"2014-06-13T13:37:35","guid":{"rendered":"http:\/\/demo.select-themes.com\/hazel3\/?page_id=18868"},"modified":"2018-01-08T19:20:01","modified_gmt":"2018-01-08T19:20:01","slug":"default-white-menu","status":"publish","type":"page","link":"https:\/\/rrhhintegral.com\/ca\/","title":{"rendered":"Inici"},"content":{"rendered":"<p>[vc_row row_type=&#8221;row&#8221; type=&#8221;grid&#8221; text_align=&#8221;left&#8221; video=&#8221;&#8221; padding_top=&#8221;95&#8243; padding_bottom=&#8221;75&#8243; css_animation=&#8221;&#8221;][vc_column el_class=&#8221;text-align-justify&#8221;][vc_column_text]<\/p>\n<h3 style=\"text-align: left;\">QU\u00c8 FEM?<\/h3>\n<p>[\/vc_column_text][vc_separator type=&#8221;transparent&#8221; up=&#8221;35&#8243; down=&#8221;0&#8243;][vc_column_text]RRHH INTEGRAL, \u00e9s una entitat especialitzada en l&#8217;externalitzaci\u00f3 de serveis de recursos humans.<\/p>\n<p>&nbsp;<\/p>\n<p>Els nostres serveis van des de la gesti\u00f3 de personal, selecci\u00f3, formaci\u00f3, fins al m\u00e9s especialitzat assessorament jur\u00eddic.Aix\u00f2 inclou elaboraci\u00f3 de plans de carrera, quadre de comandaments, plans formatius, disseny d&#8217;accions formatives a mida, auditories sociolaborals i un assessorament jur\u00eddic especialitzat en prevenci\u00f3 de riscos laborals, seguretat social i dret laboral.<\/p>\n<p>&nbsp;<\/p>\n<p>Per tot aix\u00f2, considerem que la nostra gesti\u00f3 \u00e9s <i>integral.<\/i>[\/vc_column_text][\/vc_column][\/vc_row][vc_row row_type=&#8221;row&#8221; type=&#8221;grid&#8221; text_align=&#8221;left&#8221; video=&#8221;&#8221; css_animation=&#8221;&#8221;][vc_column][vc_single_image image=&#8221;20532&#8243; img_size=&#8221;full&#8221; alignment=&#8221;center&#8221; qode_css_animation=&#8221;&#8221;][\/vc_column][\/vc_row][vc_row row_type=&#8221;row&#8221; type=&#8221;grid&#8221; text_align=&#8221;left&#8221; video=&#8221;&#8221; background_color=&#8221;#f9f9f9&#8243; padding_top=&#8221;95&#8243; padding_bottom=&#8221;110&#8243; css_animation=&#8221;&#8221;][vc_column el_class=&#8221;text-align-justify&#8221;][vc_column_text]<\/p>\n<h3 style=\"text-align: left;\">PER QU\u00c8 HO FEM?<\/h3>\n<p>[\/vc_column_text][vc_separator type=&#8221;transparent&#8221; up=&#8221;35&#8243; down=&#8221;0&#8243;][vc_column_text el_class=&#8221;text-align-justify&#8221;]Perqu\u00e8 sentim passi\u00f3 pels Recursos Humans.<\/p>\n<p>&nbsp;<\/p>\n<p>El nostre equip de professionals altament qualificat i en constant adaptaci\u00f3 a tots els canvis en pol\u00edtiques de recursos humans, aix\u00ed com constantment actualitzat a la normativa legal i jurisprudencial, converteixen el nostre equip en el millor <i>partner<\/i> que una empresa pot tenir.<\/p>\n<p>&nbsp;<\/p>\n<p>Perqu\u00e8 nosaltres <i>sumem<\/i>. Ens sumem a l&#8217;equip dels nostres clients, perqu\u00e8 l&#8217;externalitzaci\u00f3 no \u00e9s sin\u00f2nim d&#8217;abandonament.<\/p>\n<p>&nbsp;<\/p>\n<p>L&#8217;externalitzaci\u00f3 nosaltres l&#8217;entenem com a especialitzaci\u00f3, professionalitzaci\u00f3, efici\u00e8ncia, efic\u00e0cia, transpar\u00e8ncia i proximitat, ja que tots els nostres clients poden accedir als nostres serveis a trav\u00e9s de plataformes virtuals, on tenen acc\u00e9s en temps real a totes les actuacions en els serveis contractats, i poden a la vegada, proporcionar als seus treballadors un <i>Portal <\/i><i>del <\/i><i>Treballador<\/i>, amb tots els beneficis inherents a aquesta eina, en quant a efectivitat en la gesti\u00f3 de personal i estalvi de temps.[\/vc_column_text][\/vc_column][\/vc_row][vc_row row_type=&#8221;row&#8221; type=&#8221;full_width&#8221; text_align=&#8221;left&#8221; video=&#8221;&#8221; css_animation=&#8221;&#8221;][vc_column]<div class=\"call_to_action normal\" style=\"\"><div class=\"container_inner\"><div class=\"two_columns_75_25 clearfix\"><div class=\"text_wrapper column1\"><div class=\"call_to_action_text\" style=\"\">Est\u00e0s interesat en con\u00e8ixer-nos? Posa&#8217;t en contacte i t&#8217;informem<\/div><\/div><div class=\"button_wrapper column2\"><a href=\"\/contacto\" class=\"qbutton \" target=\"\" style=\"\">contacta'ns<\/a><\/div><\/div><\/div><\/div>[\/vc_column][\/vc_row][vc_column][\/vc_column]<\/p>","protected":false},"excerpt":{"rendered":"<p>[vc_row row_type=&#8221;row&#8221; type=&#8221;grid&#8221; text_align=&#8221;left&#8221; video=&#8221;&#8221; padding_top=&#8221;95&#8243; padding_bottom=&#8221;75&#8243; css_animation=&#8221;&#8221;][vc_column el_class=&#8221;text-align-justify&#8221;][vc_column_text] QU\u00c8 FEM? [\/vc_column_text][vc_separator type=&#8221;transparent&#8221; up=&#8221;35&#8243; down=&#8221;0&#8243;][vc_column_text]RRHH INTEGRAL, \u00e9s una entitat especialitzada en l&#8217;externalitzaci\u00f3 de serveis de recursos humans. &nbsp; Els nostres serveis van des de la gesti\u00f3 de personal, selecci\u00f3, formaci\u00f3, fins al m\u00e9s especialitzat assessorament jur\u00eddic.Aix\u00f2 inclou elaboraci\u00f3 de plans de carrera, quadre de comandaments, plans formatius, disseny d&#8217;accions formatives a mida, auditories sociolaborals i un assessorament jur\u00eddic especialitzat en prevenci\u00f3 de riscos laborals, seguretat social i dret laboral. &nbsp; Per tot aix\u00f2, considerem que la nostra gesti\u00f3 \u00e9s integral.[\/vc_column_text][\/vc_column][\/vc_row][vc_row row_type=&#8221;row&#8221; type=&#8221;grid&#8221; text_align=&#8221;left&#8221; video=&#8221;&#8221; css_animation=&#8221;&#8221;][vc_column][vc_single_image image=&#8221;20532&#8243; img_size=&#8221;full&#8221; alignment=&#8221;center&#8221; qode_css_animation=&#8221;&#8221;][\/vc_column][\/vc_row][vc_row row_type=&#8221;row&#8221;&#8230;<\/p>\n","protected":false},"author":1,"featured_media":0,"parent":0,"menu_order":0,"comment_status":"open","ping_status":"open","template":"full_width.php","meta":{"footnotes":""},"class_list":["post-18868","page","type-page","status-publish","hentry"],"yoast_head":"<!-- This site is optimized with the Yoast SEO plugin v24.1 - https:\/\/yoast.com\/wordpress\/plugins\/seo\/ -->\n<title>Inici - RRHH Integral<\/title>\n<meta name=\"robots\" content=\"index, follow, max-snippet:-1, max-image-preview:large, max-video-preview:-1\" \/>\n<link rel=\"canonical\" href=\"https:\/\/rrhhintegral.com\/\" \/>\n<meta property=\"og:locale\" content=\"ca_ES\" \/>\n<meta property=\"og:type\" content=\"article\" \/>\n<meta property=\"og:title\" content=\"[:es]Inicio[:ca]Inici[:] - RRHH Integral\" \/>\n<meta property=\"og:description\" content=\"[vc_row row_type=&#8221;row&#8221; type=&#8221;grid&#8221; text_align=&#8221;left&#8221; video=&#8221;&#8221; padding_top=&#8221;95&#8243; padding_bottom=&#8221;75&#8243; css_animation=&#8221;&#8221;][vc_column el_class=&#8221;text-align-justify&#8221;][vc_column_text] QU\u00c8 FEM? [\/vc_column_text][vc_separator type=&#8221;transparent&#8221; up=&#8221;35&#8243; down=&#8221;0&#8243;][vc_column_text]RRHH INTEGRAL, \u00e9s una entitat especialitzada en l&#8217;externalitzaci\u00f3 de serveis de recursos humans. &nbsp; Els nostres serveis van des de la gesti\u00f3 de personal, selecci\u00f3, formaci\u00f3, fins al m\u00e9s especialitzat assessorament jur\u00eddic.Aix\u00f2 inclou elaboraci\u00f3 de plans de carrera, quadre de comandaments, plans formatius, disseny d&#8217;accions formatives a mida, auditories sociolaborals i un assessorament jur\u00eddic especialitzat en prevenci\u00f3 de riscos laborals, seguretat social i dret laboral. &nbsp; Per tot aix\u00f2, considerem que la nostra gesti\u00f3 \u00e9s integral.[\/vc_column_text][\/vc_column][\/vc_row][vc_row row_type=&#8221;row&#8221; type=&#8221;grid&#8221; text_align=&#8221;left&#8221; video=&#8221;&#8221; css_animation=&#8221;&#8221;][vc_column][vc_single_image image=&#8221;20532&#8243; img_size=&#8221;full&#8221; alignment=&#8221;center&#8221; qode_css_animation=&#8221;&#8221;][\/vc_column][\/vc_row][vc_row row_type=&#8221;row&#8221;...\" \/>\n<meta property=\"og:url\" content=\"https:\/\/rrhhintegral.com\/\" \/>\n<meta property=\"og:site_name\" content=\"RRHH Integral\" \/>\n<meta property=\"article:modified_time\" content=\"2018-01-08T19:20:01+00:00\" \/>\n<meta name=\"twitter:card\" content=\"summary_large_image\" \/>\n<meta name=\"twitter:label1\" content=\"Temps estimat de lectura\" \/>\n\t<meta name=\"twitter:data1\" content=\"4 minuts\" \/>\n<script type=\"application\/ld+json\" class=\"yoast-schema-graph\">{\"@context\":\"https:\/\/schema.org\",\"@graph\":[{\"@type\":\"WebPage\",\"@id\":\"https:\/\/rrhhintegral.com\/\",\"url\":\"https:\/\/rrhhintegral.com\/\",\"name\":\"[:es]Inicio[:ca]Inici[:] - RRHH Integral\",\"isPartOf\":{\"@id\":\"https:\/\/rrhhintegral.com\/#website\"},\"datePublished\":\"2014-06-13T13:37:35+00:00\",\"dateModified\":\"2018-01-08T19:20:01+00:00\",\"breadcrumb\":{\"@id\":\"https:\/\/rrhhintegral.com\/#breadcrumb\"},\"inLanguage\":\"ca\",\"potentialAction\":[{\"@type\":\"ReadAction\",\"target\":[\"https:\/\/rrhhintegral.com\/\"]}]},{\"@type\":\"BreadcrumbList\",\"@id\":\"https:\/\/rrhhintegral.com\/#breadcrumb\",\"itemListElement\":[{\"@type\":\"ListItem\",\"position\":1,\"name\":\"Portada\",\"item\":\"https:\/\/rrhhintegral.com\/\"},{\"@type\":\"ListItem\",\"position\":2,\"name\":\"Inicio\"}]},{\"@type\":\"WebSite\",\"@id\":\"https:\/\/rrhhintegral.com\/#website\",\"url\":\"https:\/\/rrhhintegral.com\/\",\"name\":\"RRHH Integral\",\"description\":\"(Espa\u00f1ol) Porque sentimos pasi\u00f3n por los Recursos Humanos.\",\"potentialAction\":[{\"@type\":\"SearchAction\",\"target\":{\"@type\":\"EntryPoint\",\"urlTemplate\":\"https:\/\/rrhhintegral.com\/?s={search_term_string}\"},\"query-input\":{\"@type\":\"PropertyValueSpecification\",\"valueRequired\":true,\"valueName\":\"search_term_string\"}}],\"inLanguage\":\"ca\"}]}<\/script>\n<!-- \/ Yoast SEO plugin. -->","yoast_head_json":{"title":"[:es]Inicio[:ca]Inici[:] - RRHH Integral","robots":{"index":"index","follow":"follow","max-snippet":"max-snippet:-1","max-image-preview":"max-image-preview:large","max-video-preview":"max-video-preview:-1"},"canonical":"https:\/\/rrhhintegral.com\/","og_locale":"ca_ES","og_type":"article","og_title":"[:es]Inicio[:ca]Inici[:] - RRHH Integral","og_description":"[vc_row row_type=&#8221;row&#8221; type=&#8221;grid&#8221; text_align=&#8221;left&#8221; video=&#8221;&#8221; padding_top=&#8221;95&#8243; padding_bottom=&#8221;75&#8243; css_animation=&#8221;&#8221;][vc_column el_class=&#8221;text-align-justify&#8221;][vc_column_text] QU\u00c8 FEM? [\/vc_column_text][vc_separator type=&#8221;transparent&#8221; up=&#8221;35&#8243; down=&#8221;0&#8243;][vc_column_text]RRHH INTEGRAL, \u00e9s una entitat especialitzada en l&#8217;externalitzaci\u00f3 de serveis de recursos humans. &nbsp; Els nostres serveis van des de la gesti\u00f3 de personal, selecci\u00f3, formaci\u00f3, fins al m\u00e9s especialitzat assessorament jur\u00eddic.Aix\u00f2 inclou elaboraci\u00f3 de plans de carrera, quadre de comandaments, plans formatius, disseny d&#8217;accions formatives a mida, auditories sociolaborals i un assessorament jur\u00eddic especialitzat en prevenci\u00f3 de riscos laborals, seguretat social i dret laboral. &nbsp; Per tot aix\u00f2, considerem que la nostra gesti\u00f3 \u00e9s integral.[\/vc_column_text][\/vc_column][\/vc_row][vc_row row_type=&#8221;row&#8221; type=&#8221;grid&#8221; text_align=&#8221;left&#8221; video=&#8221;&#8221; css_animation=&#8221;&#8221;][vc_column][vc_single_image image=&#8221;20532&#8243; img_size=&#8221;full&#8221; alignment=&#8221;center&#8221; qode_css_animation=&#8221;&#8221;][\/vc_column][\/vc_row][vc_row row_type=&#8221;row&#8221;...","og_url":"https:\/\/rrhhintegral.com\/","og_site_name":"RRHH Integral","article_modified_time":"2018-01-08T19:20:01+00:00","twitter_card":"summary_large_image","twitter_misc":{"Temps estimat de lectura":"4 minuts"},"schema":{"@context":"https:\/\/schema.org","@graph":[{"@type":"WebPage","@id":"https:\/\/rrhhintegral.com\/","url":"https:\/\/rrhhintegral.com\/","name":"[:es]Inicio[:ca]Inici[:] - RRHH Integral","isPartOf":{"@id":"https:\/\/rrhhintegral.com\/#website"},"datePublished":"2014-06-13T13:37:35+00:00","dateModified":"2018-01-08T19:20:01+00:00","breadcrumb":{"@id":"https:\/\/rrhhintegral.com\/#breadcrumb"},"inLanguage":"ca","potentialAction":[{"@type":"ReadAction","target":["https:\/\/rrhhintegral.com\/"]}]},{"@type":"BreadcrumbList","@id":"https:\/\/rrhhintegral.com\/#breadcrumb","itemListElement":[{"@type":"ListItem","position":1,"name":"Portada","item":"https:\/\/rrhhintegral.com\/"},{"@type":"ListItem","position":2,"name":"Inicio"}]},{"@type":"WebSite","@id":"https:\/\/rrhhintegral.com\/#website","url":"https:\/\/rrhhintegral.com\/","name":"RRHH Integral","description":"(Espa\u00f1ol) Porque sentimos pasi\u00f3n por los Recursos Humanos.","potentialAction":[{"@type":"SearchAction","target":{"@type":"EntryPoint","urlTemplate":"https:\/\/rrhhintegral.com\/?s={search_term_string}"},"query-input":{"@type":"PropertyValueSpecification","valueRequired":true,"valueName":"search_term_string"}}],"inLanguage":"ca"}]}},"_links":{"self":[{"href":"https:\/\/rrhhintegral.com\/ca\/wp-json\/wp\/v2\/pages\/18868","targetHints":{"allow":["GET"]}}],"collection":[{"href":"https:\/\/rrhhintegral.com\/ca\/wp-json\/wp\/v2\/pages"}],"about":[{"href":"https:\/\/rrhhintegral.com\/ca\/wp-json\/wp\/v2\/types\/page"}],"author":[{"embeddable":true,"href":"https:\/\/rrhhintegral.com\/ca\/wp-json\/wp\/v2\/users\/1"}],"replies":[{"embeddable":true,"href":"https:\/\/rrhhintegral.com\/ca\/wp-json\/wp\/v2\/comments?post=18868"}],"version-history":[{"count":50,"href":"https:\/\/rrhhintegral.com\/ca\/wp-json\/wp\/v2\/pages\/18868\/revisions"}],"predecessor-version":[{"id":20591,"href":"https:\/\/rrhhintegral.com\/ca\/wp-json\/wp\/v2\/pages\/18868\/revisions\/20591"}],"wp:attachment":[{"href":"https:\/\/rrhhintegral.com\/ca\/wp-json\/wp\/v2\/media?parent=18868"}],"curies":[{"name":"wp","href":"https:\/\/api.w.org\/{rel}","templated":true}]}}